{"id":4677,"date":"2015-09-14T08:21:44","date_gmt":"2015-09-14T08:21:44","guid":{"rendered":"http:\/\/www.tormiq.com\/aviso-legal\/"},"modified":"2025-08-28T09:58:19","modified_gmt":"2025-08-28T09:58:19","slug":"avis-legal","status":"publish","type":"page","link":"https:\/\/www.tormiq.com\/es\/avis-legal\/","title":{"rendered":"Aviso legal"},"content":{"rendered":"<div class=\"bot-name gds-title-s ng-tns-c2765654238-318 ng-star-inserted\"><\/div>\n<div class=\"response-content ng-tns-c2765654238-318\">\n<div id=\"model-response-message-contentr_f5df0ad073bd04aa\" class=\"markdown markdown-main-panel enable-updated-hr-color\" dir=\"ltr\">\n<h3><b>Aviso Legal<\/b><\/h3>\n<p><b>1. Datos Identificativos del Titular de la Web<\/b><\/p>\n<p>En cumplimiento del deber de informaci\u00f3n recogido en el art\u00edculo 10 de la Ley 34\/2002, de 11 de julio, de Servicios de la Sociedad de la Informaci\u00f3n y del Comercio Electr\u00f3nico, a continuaci\u00f3n, se reflejan los siguientes datos:<\/p>\n<ul>\n<li><b>Titular:<\/b> TORMIQ S.L.<\/li>\n<li><b>NIF:<\/b> B08245516<\/li>\n<li><b>Domicilio social:<\/b> Carrer Major de Sarri\u00e0, 139, 08017, Barcelona<\/li>\n<li><b>Correo electr\u00f3nico de contacto:<\/b> <a class=\"ng-star-inserted\" href=\"mailto:info@tormiq.com\" target=\"_blank\" rel=\"noopener\">info@tormiq.com<\/a><\/li>\n<li><b>Datos registrales:<\/b> (Aqu\u00ed debes incluir los datos de inscripci\u00f3n en el Registro Mercantil de Barcelona. Si no los tienes a mano, tu gestor\u00eda te los puede facilitar. Es un dato obligatorio).<\/li>\n<\/ul>\n<p><b>2. Usuarios y Condiciones de Uso<\/b><\/p>\n<p>El acceso y\/o uso de este portal, <a class=\"ng-star-inserted\" href=\"http:\/\/www.tormiq.com\/\" target=\"_blank\" rel=\"noopener\">www.tormiq.com<\/a>, atribuye la condici\u00f3n de USUARIO, que acepta, desde dicho acceso y\/o uso, las Condiciones Generales de Uso aqu\u00ed reflejadas.<\/p>\n<p>El sitio web proporciona el acceso a informaci\u00f3n sobre nuestros servicios y proyectos (en adelante, \u00ablos contenidos\u00bb) en Internet pertenecientes a TORMIQ S.L. a los que el USUARIO pueda tener acceso. El USUARIO asume la responsabilidad del uso del portal.<\/p>\n<p><b>3. Propiedad Intelectual e Industrial<\/b><\/p>\n<p>TORMIQ S.L. es titular de todos los derechos de propiedad intelectual e industrial de su p\u00e1gina web, as\u00ed como de los elementos contenidos en la misma (a t\u00edtulo enunciativo, im\u00e1genes, textos, marcas o logotipos, etc.).<\/p>\n<p>En virtud de lo dispuesto en los art\u00edculos 8 y 32.1, p\u00e1rrafo segundo, de la Ley de Propiedad Intelectual, quedan expresamente prohibidas la reproducci\u00f3n, la distribuci\u00f3n y la comunicaci\u00f3n p\u00fablica, incluida su modalidad de puesta a disposici\u00f3n, de la totalidad o parte de los contenidos de esta p\u00e1gina web con fines comerciales, en cualquier soporte y por cualquier medio t\u00e9cnico, sin la autorizaci\u00f3n de TORMIQ S.L.<\/p>\n<p><b>4. Exclusi\u00f3n de Garant\u00edas y Responsabilidad<\/b><\/p>\n<p>TORMIQ S.L. no se hace responsable, en ning\u00fan caso, de los da\u00f1os y perjuicios de cualquier naturaleza que pudieran ocasionar, a t\u00edtulo enunciativo: errores u omisiones en los contenidos, falta de disponibilidad del portal o la transmisi\u00f3n de virus o programas maliciosos en los contenidos, a pesar de haber adoptado todas las medidas tecnol\u00f3gicas necesarias para evitarlo.<\/p>\n<p><b>5. Ley Aplicable y Jurisdicci\u00f3n<\/b><\/p>\n<p>La relaci\u00f3n entre TORMIQ S.L. y el USUARIO se regir\u00e1 por la normativa espa\u00f1ola vigente y cualquier controversia se someter\u00e1 a los Juzgados y tribunales de la ciudad de Barcelona.<\/p>\n<\/div>\n<\/div>\n","protected":false},"excerpt":{"rendered":"<p>Aviso Legal 1. Datos Identificativos del Titular de la Web En cumplimiento del deber de informaci\u00f3n recogido en el art\u00edculo 10 de la Ley 34\/2002, de 11 de julio, de Servicios de la Sociedad de la Informaci\u00f3n y del Comercio Electr\u00f3nico, a continuaci\u00f3n, se reflejan los siguientes datos: Titular: TORMIQ S.L. NIF: B08245516 Domicilio social: [&hellip;]<\/p>\n","protected":false},"author":2,"featured_media":0,"parent":0,"menu_order":0,"comment_status":"closed","ping_status":"open","template":"","meta":{"footnotes":""},"class_list":["post-4677","page","type-page","status-publish","hentry"],"yoast_head":"<!-- This site is optimized with the Yoast SEO plugin v27.3 - https:\/\/yoast.com\/product\/yoast-seo-wordpress\/ -->\n<title>Aviso legal - Tormiq Imprenta Barcelona<\/title>\n<meta name=\"description\" content=\"Consulta el Aviso Legal de Tormiq S.L. Informaci\u00f3n sobre el titular de la web (www.tormiq.com), propiedad intelectual y condiciones de uso del portal.\" \/>\n<meta name=\"robots\" content=\"index, follow, max-snippet:-1, max-image-preview:large, max-video-preview:-1\" \/>\n<link rel=\"canonical\" href=\"https:\/\/www.tormiq.com\/es\/avis-legal\/\" \/>\n<meta property=\"og:locale\" content=\"es_ES\" \/>\n<meta property=\"og:type\" content=\"article\" \/>\n<meta property=\"og:title\" content=\"Aviso legal - Tormiq Imprenta Barcelona\" \/>\n<meta property=\"og:description\" content=\"Consulta el Aviso Legal de Tormiq S.L. Informaci\u00f3n sobre el titular de la web (www.tormiq.com), propiedad intelectual y condiciones de uso del portal.\" \/>\n<meta property=\"og:url\" content=\"https:\/\/www.tormiq.com\/es\/avis-legal\/\" \/>\n<meta property=\"og:site_name\" content=\"Tormiq Imprenta Barcelona\" \/>\n<meta property=\"article:publisher\" content=\"https:\/\/www.facebook.com\/tormiq\" \/>\n<meta property=\"article:modified_time\" content=\"2025-08-28T09:58:19+00:00\" \/>\n<meta property=\"og:image\" content=\"https:\/\/www.tormiq.com\/wp-content\/uploads\/2014\/01\/tipoletter.jpg\" \/>\n\t<meta property=\"og:image:width\" content=\"708\" \/>\n\t<meta property=\"og:image:height\" content=\"472\" \/>\n\t<meta property=\"og:image:type\" content=\"image\/jpeg\" \/>\n<meta name=\"twitter:card\" content=\"summary_large_image\" \/>\n<meta name=\"twitter:site\" content=\"@tormiq_imprenta\" \/>\n<meta name=\"twitter:label1\" content=\"Tiempo de lectura\" \/>\n\t<meta name=\"twitter:data1\" content=\"2 minutos\" \/>\n<script type=\"application\/ld+json\" class=\"yoast-schema-graph\">{\"@context\":\"https:\\\/\\\/schema.org\",\"@graph\":[{\"@type\":\"WebPage\",\"@id\":\"https:\\\/\\\/www.tormiq.com\\\/es\\\/avis-legal\\\/\",\"url\":\"https:\\\/\\\/www.tormiq.com\\\/es\\\/avis-legal\\\/\",\"name\":\"Aviso legal - Tormiq Imprenta Barcelona\",\"isPartOf\":{\"@id\":\"https:\\\/\\\/www.tormiq.com\\\/es\\\/#website\"},\"datePublished\":\"2015-09-14T08:21:44+00:00\",\"dateModified\":\"2025-08-28T09:58:19+00:00\",\"description\":\"Consulta el Aviso Legal de Tormiq S.L. Informaci\u00f3n sobre el titular de la web (www.tormiq.com), propiedad intelectual y condiciones de uso del portal.\",\"breadcrumb\":{\"@id\":\"https:\\\/\\\/www.tormiq.com\\\/es\\\/avis-legal\\\/#breadcrumb\"},\"inLanguage\":\"es\",\"potentialAction\":[{\"@type\":\"ReadAction\",\"target\":[\"https:\\\/\\\/www.tormiq.com\\\/es\\\/avis-legal\\\/\"]}]},{\"@type\":\"BreadcrumbList\",\"@id\":\"https:\\\/\\\/www.tormiq.com\\\/es\\\/avis-legal\\\/#breadcrumb\",\"itemListElement\":[{\"@type\":\"ListItem\",\"position\":1,\"name\":\"Portada\",\"item\":\"https:\\\/\\\/www.tormiq.com\\\/es\\\/imprenta_barcelona\\\/\"},{\"@type\":\"ListItem\",\"position\":2,\"name\":\"Aviso legal\"}]},{\"@type\":\"WebSite\",\"@id\":\"https:\\\/\\\/www.tormiq.com\\\/es\\\/#website\",\"url\":\"https:\\\/\\\/www.tormiq.com\\\/es\\\/\",\"name\":\"Tormiq Imprenta Barcelona\",\"description\":\"Tormiq Imprenta - (Sarri\u00e0-St. Gervasi, Barcelona)\",\"publisher\":{\"@id\":\"https:\\\/\\\/www.tormiq.com\\\/es\\\/#organization\"},\"potentialAction\":[{\"@type\":\"SearchAction\",\"target\":{\"@type\":\"EntryPoint\",\"urlTemplate\":\"https:\\\/\\\/www.tormiq.com\\\/es\\\/?s={search_term_string}\"},\"query-input\":{\"@type\":\"PropertyValueSpecification\",\"valueRequired\":true,\"valueName\":\"search_term_string\"}}],\"inLanguage\":\"es\"},{\"@type\":\"Organization\",\"@id\":\"https:\\\/\\\/www.tormiq.com\\\/es\\\/#organization\",\"name\":\"Tormiq Imprenta\",\"alternateName\":\"Tormiq Imprenta Barcelona\",\"url\":\"https:\\\/\\\/www.tormiq.com\\\/es\\\/\",\"logo\":{\"@type\":\"ImageObject\",\"inLanguage\":\"es\",\"@id\":\"https:\\\/\\\/www.tormiq.com\\\/es\\\/#\\\/schema\\\/logo\\\/image\\\/\",\"url\":\"https:\\\/\\\/www.tormiq.com\\\/wp-content\\\/uploads\\\/2013\\\/04\\\/cropped-tormiq_lg2.jpg\",\"contentUrl\":\"https:\\\/\\\/www.tormiq.com\\\/wp-content\\\/uploads\\\/2013\\\/04\\\/cropped-tormiq_lg2.jpg\",\"width\":512,\"height\":512,\"caption\":\"Tormiq Imprenta\"},\"image\":{\"@id\":\"https:\\\/\\\/www.tormiq.com\\\/es\\\/#\\\/schema\\\/logo\\\/image\\\/\"},\"sameAs\":[\"https:\\\/\\\/www.facebook.com\\\/tormiq\",\"https:\\\/\\\/x.com\\\/tormiq_imprenta\",\"https:\\\/\\\/instagram.com\\\/tormiq_impremta\\\/\",\"https:\\\/\\\/www.linkedin.com\\\/company\\\/tormiq-s-l-impremta\",\"https:\\\/\\\/es.pinterest.com\\\/tormiq\\\/\",\"https:\\\/\\\/www.youtube.com\\\/@Tormiq\",\"https:\\\/\\\/twitter.com\\\/tormiq_impremta\"]}]}<\/script>\n<!-- \/ Yoast SEO plugin. -->","yoast_head_json":{"title":"Aviso legal - Tormiq Imprenta Barcelona","description":"Consulta el Aviso Legal de Tormiq S.L. Informaci\u00f3n sobre el titular de la web (www.tormiq.com), propiedad intelectual y condiciones de uso del portal.","robots":{"index":"index","follow":"follow","max-snippet":"max-snippet:-1","max-image-preview":"max-image-preview:large","max-video-preview":"max-video-preview:-1"},"canonical":"https:\/\/www.tormiq.com\/es\/avis-legal\/","og_locale":"es_ES","og_type":"article","og_title":"Aviso legal - Tormiq Imprenta Barcelona","og_description":"Consulta el Aviso Legal de Tormiq S.L. Informaci\u00f3n sobre el titular de la web (www.tormiq.com), propiedad intelectual y condiciones de uso del portal.","og_url":"https:\/\/www.tormiq.com\/es\/avis-legal\/","og_site_name":"Tormiq Imprenta Barcelona","article_publisher":"https:\/\/www.facebook.com\/tormiq","article_modified_time":"2025-08-28T09:58:19+00:00","og_image":[{"width":708,"height":472,"type":"image\/jpeg","url":"https:\/\/www.tormiq.com\/wp-content\/uploads\/2014\/01\/tipoletter.jpg"}],"twitter_card":"summary_large_image","twitter_site":"@tormiq_imprenta","twitter_misc":{"Tiempo de lectura":"2 minutos"},"schema":{"@context":"https:\/\/schema.org","@graph":[{"@type":"WebPage","@id":"https:\/\/www.tormiq.com\/es\/avis-legal\/","url":"https:\/\/www.tormiq.com\/es\/avis-legal\/","name":"Aviso legal - Tormiq Imprenta Barcelona","isPartOf":{"@id":"https:\/\/www.tormiq.com\/es\/#website"},"datePublished":"2015-09-14T08:21:44+00:00","dateModified":"2025-08-28T09:58:19+00:00","description":"Consulta el Aviso Legal de Tormiq S.L. Informaci\u00f3n sobre el titular de la web (www.tormiq.com), propiedad intelectual y condiciones de uso del portal.","breadcrumb":{"@id":"https:\/\/www.tormiq.com\/es\/avis-legal\/#breadcrumb"},"inLanguage":"es","potentialAction":[{"@type":"ReadAction","target":["https:\/\/www.tormiq.com\/es\/avis-legal\/"]}]},{"@type":"BreadcrumbList","@id":"https:\/\/www.tormiq.com\/es\/avis-legal\/#breadcrumb","itemListElement":[{"@type":"ListItem","position":1,"name":"Portada","item":"https:\/\/www.tormiq.com\/es\/imprenta_barcelona\/"},{"@type":"ListItem","position":2,"name":"Aviso legal"}]},{"@type":"WebSite","@id":"https:\/\/www.tormiq.com\/es\/#website","url":"https:\/\/www.tormiq.com\/es\/","name":"Tormiq Imprenta Barcelona","description":"Tormiq Imprenta - (Sarri\u00e0-St. Gervasi, Barcelona)","publisher":{"@id":"https:\/\/www.tormiq.com\/es\/#organization"},"potentialAction":[{"@type":"SearchAction","target":{"@type":"EntryPoint","urlTemplate":"https:\/\/www.tormiq.com\/es\/?s={search_term_string}"},"query-input":{"@type":"PropertyValueSpecification","valueRequired":true,"valueName":"search_term_string"}}],"inLanguage":"es"},{"@type":"Organization","@id":"https:\/\/www.tormiq.com\/es\/#organization","name":"Tormiq Imprenta","alternateName":"Tormiq Imprenta Barcelona","url":"https:\/\/www.tormiq.com\/es\/","logo":{"@type":"ImageObject","inLanguage":"es","@id":"https:\/\/www.tormiq.com\/es\/#\/schema\/logo\/image\/","url":"https:\/\/www.tormiq.com\/wp-content\/uploads\/2013\/04\/cropped-tormiq_lg2.jpg","contentUrl":"https:\/\/www.tormiq.com\/wp-content\/uploads\/2013\/04\/cropped-tormiq_lg2.jpg","width":512,"height":512,"caption":"Tormiq Imprenta"},"image":{"@id":"https:\/\/www.tormiq.com\/es\/#\/schema\/logo\/image\/"},"sameAs":["https:\/\/www.facebook.com\/tormiq","https:\/\/x.com\/tormiq_imprenta","https:\/\/instagram.com\/tormiq_impremta\/","https:\/\/www.linkedin.com\/company\/tormiq-s-l-impremta","https:\/\/es.pinterest.com\/tormiq\/","https:\/\/www.youtube.com\/@Tormiq","https:\/\/twitter.com\/tormiq_impremta"]}]}},"_links":{"self":[{"href":"https:\/\/www.tormiq.com\/es\/wp-json\/wp\/v2\/pages\/4677","targetHints":{"allow":["GET"]}}],"collection":[{"href":"https:\/\/www.tormiq.com\/es\/wp-json\/wp\/v2\/pages"}],"about":[{"href":"https:\/\/www.tormiq.com\/es\/wp-json\/wp\/v2\/types\/page"}],"author":[{"embeddable":true,"href":"https:\/\/www.tormiq.com\/es\/wp-json\/wp\/v2\/users\/2"}],"replies":[{"embeddable":true,"href":"https:\/\/www.tormiq.com\/es\/wp-json\/wp\/v2\/comments?post=4677"}],"version-history":[{"count":3,"href":"https:\/\/www.tormiq.com\/es\/wp-json\/wp\/v2\/pages\/4677\/revisions"}],"predecessor-version":[{"id":8344,"href":"https:\/\/www.tormiq.com\/es\/wp-json\/wp\/v2\/pages\/4677\/revisions\/8344"}],"wp:attachment":[{"href":"https:\/\/www.tormiq.com\/es\/wp-json\/wp\/v2\/media?parent=4677"}],"curies":[{"name":"wp","href":"https:\/\/api.w.org\/{rel}","templated":true}]}}