{"id":7280,"date":"2020-05-24T14:46:38","date_gmt":"2020-05-24T14:46:38","guid":{"rendered":"https:\/\/www.tormiq.com\/nota-legal\/"},"modified":"2020-05-24T14:46:38","modified_gmt":"2020-05-24T14:46:38","slug":"nota-legal","status":"publish","type":"page","link":"https:\/\/www.tormiq.com\/es\/nota-legal\/","title":{"rendered":"Nota Legal"},"content":{"rendered":"<h4>NOTA LEGAL<\/h4>\n<p>Este correo electr\u00f3nico y, en su caso, cualquier archivo adjunto al mismo, contiene informaci\u00f3n de\u00a0car\u00e1cter confidencial exclusivamente dirigida a su destinatario. Queda prohibida su divulgaci\u00f3n, copia o\u00a0distribuci\u00f3n a terceros sin la previa autorizaci\u00f3n escrita de TORMIQ S.L,. En el caso de haber recibido este\u00a0correo electr\u00f3nico por error, por favor, elim\u00ednelo de inmediato y rogamos nos notifique esta circunstancia\u00a0mediante reenv\u00edo a la direcci\u00f3n electr\u00f3nica del remitente.<\/p>\n<p>De conformidad con lo establecido en las normativas vigentes de Protecci\u00f3n de Datos a nivel nacional y\u00a0europeo, TORMIQ S.L, garantiza la adopci\u00f3n de las medidas t\u00e9cnicas y organizativas necesarias para\u00a0asegurar el tratamiento confidencial de los datos de car\u00e1cter personal. As\u00ed mismo le informamos que su\u00a0direcci\u00f3n de email ha sido recabada del propio interesado o de fuentes de acceso p\u00fablico, y est\u00e1 incluida\u00a0en nuestros ficheros con la finalidad de mantener contacto con usted para el env\u00edo de comunicaciones\u00a0sobre nuestros productos y servicios mientras exista un inter\u00e9s mutuo para ello o una relaci\u00f3n negocial o\u00a0contractual.<\/p>\n<p>No obstante, usted puede ejercer sus derechos de acceso, rectificaci\u00f3n y supresi\u00f3n de sus datos, as\u00ed\u00a0como los derechos de limitaci\u00f3n y oposici\u00f3n a su tratamiento utilizando la siguiente informaci\u00f3n:<\/p>\n<p>Responsable: TORMIQ S.L,<\/p>\n<p>Direcci\u00f3n: MAJOR DE SARRIA N\u00ba139, BAIXOS. 08017, BARCELONA (Barcelona), Espa\u00f1a<\/p>\n<p>Tel\u00e9fono: 932033698<\/p>\n<p>E-mail: info@tormiq.com<\/p>\n<p>P\u00e1gina web: <a href=\"http:\/\/www.tormiq.com\">http:\/\/www.tormiq.com<\/a><\/p>\n<p>Si precisa m\u00e1s informaci\u00f3n al respecto, puede ponerse en contacto con nuestro departamento de\u00a0protecci\u00f3n de datos:<\/p>\n<p>TORMIQ S.L, &#8211; CIF B08245516 &#8211; Tel\u00e9fono: 932033698 &#8211; Email: info@tormiq.com<\/p>\n<p>Si considera que el tratamiento no se ajusta a la normativa vigente de Protecci\u00f3n de Datos, podr\u00e1\u00a0presentar una reclamaci\u00f3n ante la autoridad de control: Agencia Espa\u00f1ola de Protecci\u00f3n de Datos\u00a0(<a href=\"https:\/\/www.agpd.es\">https:\/\/www.agpd.es<\/a>).<\/p>\n","protected":false},"excerpt":{"rendered":"<p>NOTA LEGAL Este correo electr\u00f3nico y, en su caso, cualquier archivo adjunto al mismo, contiene informaci\u00f3n de\u00a0car\u00e1cter confidencial exclusivamente dirigida a su destinatario. Queda prohibida su divulgaci\u00f3n, copia o\u00a0distribuci\u00f3n a terceros sin la previa autorizaci\u00f3n escrita de TORMIQ S.L,. En el caso de haber recibido este\u00a0correo electr\u00f3nico por error, por favor, elim\u00ednelo de inmediato y [&hellip;]<\/p>\n","protected":false},"author":2,"featured_media":0,"parent":0,"menu_order":0,"comment_status":"closed","ping_status":"closed","template":"","meta":{"footnotes":""},"class_list":["post-7280","page","type-page","status-publish","hentry"],"yoast_head":"<!-- This site is optimized with the Yoast SEO plugin v27.4 - https:\/\/yoast.com\/product\/yoast-seo-wordpress\/ -->\n<title>Nota Legal - Tormiq Imprenta Barcelona<\/title>\n<meta name=\"robots\" content=\"index, follow, max-snippet:-1, max-image-preview:large, max-video-preview:-1\" \/>\n<link rel=\"canonical\" href=\"https:\/\/www.tormiq.com\/es\/nota-legal\/\" \/>\n<meta property=\"og:locale\" content=\"es_ES\" \/>\n<meta property=\"og:type\" content=\"article\" \/>\n<meta property=\"og:title\" content=\"Nota Legal - Tormiq Imprenta Barcelona\" \/>\n<meta property=\"og:description\" content=\"NOTA LEGAL Este correo electr\u00f3nico y, en su caso, cualquier archivo adjunto al mismo, contiene informaci\u00f3n de\u00a0car\u00e1cter confidencial exclusivamente dirigida a su destinatario. Queda prohibida su divulgaci\u00f3n, copia o\u00a0distribuci\u00f3n a terceros sin la previa autorizaci\u00f3n escrita de TORMIQ S.L,. En el caso de haber recibido este\u00a0correo electr\u00f3nico por error, por favor, elim\u00ednelo de inmediato y [&hellip;]\" \/>\n<meta property=\"og:url\" content=\"https:\/\/www.tormiq.com\/es\/nota-legal\/\" \/>\n<meta property=\"og:site_name\" content=\"Tormiq Imprenta Barcelona\" \/>\n<meta property=\"article:publisher\" content=\"https:\/\/www.facebook.com\/tormiq\" \/>\n<meta property=\"og:image\" content=\"https:\/\/www.tormiq.com\/wp-content\/uploads\/2014\/01\/tipoletter.jpg\" \/>\n\t<meta property=\"og:image:width\" content=\"708\" \/>\n\t<meta property=\"og:image:height\" content=\"472\" \/>\n\t<meta property=\"og:image:type\" content=\"image\/jpeg\" \/>\n<meta name=\"twitter:card\" content=\"summary_large_image\" \/>\n<meta name=\"twitter:site\" content=\"@tormiq_imprenta\" \/>\n<meta name=\"twitter:label1\" content=\"Tiempo de lectura\" \/>\n\t<meta name=\"twitter:data1\" content=\"2 minutos\" \/>\n<script type=\"application\/ld+json\" class=\"yoast-schema-graph\">{\"@context\":\"https:\\\/\\\/schema.org\",\"@graph\":[{\"@type\":\"WebPage\",\"@id\":\"https:\\\/\\\/www.tormiq.com\\\/es\\\/nota-legal\\\/\",\"url\":\"https:\\\/\\\/www.tormiq.com\\\/es\\\/nota-legal\\\/\",\"name\":\"Nota Legal - Tormiq Imprenta Barcelona\",\"isPartOf\":{\"@id\":\"https:\\\/\\\/www.tormiq.com\\\/es\\\/#website\"},\"datePublished\":\"2020-05-24T14:46:38+00:00\",\"breadcrumb\":{\"@id\":\"https:\\\/\\\/www.tormiq.com\\\/es\\\/nota-legal\\\/#breadcrumb\"},\"inLanguage\":\"es\",\"potentialAction\":[{\"@type\":\"ReadAction\",\"target\":[\"https:\\\/\\\/www.tormiq.com\\\/es\\\/nota-legal\\\/\"]}]},{\"@type\":\"BreadcrumbList\",\"@id\":\"https:\\\/\\\/www.tormiq.com\\\/es\\\/nota-legal\\\/#breadcrumb\",\"itemListElement\":[{\"@type\":\"ListItem\",\"position\":1,\"name\":\"Portada\",\"item\":\"https:\\\/\\\/www.tormiq.com\\\/es\\\/imprenta_barcelona\\\/\"},{\"@type\":\"ListItem\",\"position\":2,\"name\":\"Nota Legal\"}]},{\"@type\":\"WebSite\",\"@id\":\"https:\\\/\\\/www.tormiq.com\\\/es\\\/#website\",\"url\":\"https:\\\/\\\/www.tormiq.com\\\/es\\\/\",\"name\":\"Tormiq Imprenta Barcelona\",\"description\":\"Tormiq Imprenta - (Sarri\u00e0-St. Gervasi, Barcelona)\",\"publisher\":{\"@id\":\"https:\\\/\\\/www.tormiq.com\\\/es\\\/#organization\"},\"potentialAction\":[{\"@type\":\"SearchAction\",\"target\":{\"@type\":\"EntryPoint\",\"urlTemplate\":\"https:\\\/\\\/www.tormiq.com\\\/es\\\/?s={search_term_string}\"},\"query-input\":{\"@type\":\"PropertyValueSpecification\",\"valueRequired\":true,\"valueName\":\"search_term_string\"}}],\"inLanguage\":\"es\"},{\"@type\":\"Organization\",\"@id\":\"https:\\\/\\\/www.tormiq.com\\\/es\\\/#organization\",\"name\":\"Tormiq Imprenta\",\"alternateName\":\"Tormiq Imprenta Barcelona\",\"url\":\"https:\\\/\\\/www.tormiq.com\\\/es\\\/\",\"logo\":{\"@type\":\"ImageObject\",\"inLanguage\":\"es\",\"@id\":\"https:\\\/\\\/www.tormiq.com\\\/es\\\/#\\\/schema\\\/logo\\\/image\\\/\",\"url\":\"https:\\\/\\\/www.tormiq.com\\\/wp-content\\\/uploads\\\/2013\\\/04\\\/cropped-tormiq_lg2.jpg\",\"contentUrl\":\"https:\\\/\\\/www.tormiq.com\\\/wp-content\\\/uploads\\\/2013\\\/04\\\/cropped-tormiq_lg2.jpg\",\"width\":512,\"height\":512,\"caption\":\"Tormiq Imprenta\"},\"image\":{\"@id\":\"https:\\\/\\\/www.tormiq.com\\\/es\\\/#\\\/schema\\\/logo\\\/image\\\/\"},\"sameAs\":[\"https:\\\/\\\/www.facebook.com\\\/tormiq\",\"https:\\\/\\\/x.com\\\/tormiq_imprenta\",\"https:\\\/\\\/instagram.com\\\/tormiq_impremta\\\/\",\"https:\\\/\\\/www.linkedin.com\\\/company\\\/tormiq-s-l-impremta\",\"https:\\\/\\\/es.pinterest.com\\\/tormiq\\\/\",\"https:\\\/\\\/www.youtube.com\\\/@Tormiq\",\"https:\\\/\\\/twitter.com\\\/tormiq_impremta\"]}]}<\/script>\n<!-- \/ Yoast SEO plugin. -->","yoast_head_json":{"title":"Nota Legal - Tormiq Imprenta Barcelona","robots":{"index":"index","follow":"follow","max-snippet":"max-snippet:-1","max-image-preview":"max-image-preview:large","max-video-preview":"max-video-preview:-1"},"canonical":"https:\/\/www.tormiq.com\/es\/nota-legal\/","og_locale":"es_ES","og_type":"article","og_title":"Nota Legal - Tormiq Imprenta Barcelona","og_description":"NOTA LEGAL Este correo electr\u00f3nico y, en su caso, cualquier archivo adjunto al mismo, contiene informaci\u00f3n de\u00a0car\u00e1cter confidencial exclusivamente dirigida a su destinatario. Queda prohibida su divulgaci\u00f3n, copia o\u00a0distribuci\u00f3n a terceros sin la previa autorizaci\u00f3n escrita de TORMIQ S.L,. En el caso de haber recibido este\u00a0correo electr\u00f3nico por error, por favor, elim\u00ednelo de inmediato y [&hellip;]","og_url":"https:\/\/www.tormiq.com\/es\/nota-legal\/","og_site_name":"Tormiq Imprenta Barcelona","article_publisher":"https:\/\/www.facebook.com\/tormiq","og_image":[{"width":708,"height":472,"type":"image\/jpeg","url":"https:\/\/www.tormiq.com\/wp-content\/uploads\/2014\/01\/tipoletter.jpg"}],"twitter_card":"summary_large_image","twitter_site":"@tormiq_imprenta","twitter_misc":{"Tiempo de lectura":"2 minutos"},"schema":{"@context":"https:\/\/schema.org","@graph":[{"@type":"WebPage","@id":"https:\/\/www.tormiq.com\/es\/nota-legal\/","url":"https:\/\/www.tormiq.com\/es\/nota-legal\/","name":"Nota Legal - Tormiq Imprenta Barcelona","isPartOf":{"@id":"https:\/\/www.tormiq.com\/es\/#website"},"datePublished":"2020-05-24T14:46:38+00:00","breadcrumb":{"@id":"https:\/\/www.tormiq.com\/es\/nota-legal\/#breadcrumb"},"inLanguage":"es","potentialAction":[{"@type":"ReadAction","target":["https:\/\/www.tormiq.com\/es\/nota-legal\/"]}]},{"@type":"BreadcrumbList","@id":"https:\/\/www.tormiq.com\/es\/nota-legal\/#breadcrumb","itemListElement":[{"@type":"ListItem","position":1,"name":"Portada","item":"https:\/\/www.tormiq.com\/es\/imprenta_barcelona\/"},{"@type":"ListItem","position":2,"name":"Nota Legal"}]},{"@type":"WebSite","@id":"https:\/\/www.tormiq.com\/es\/#website","url":"https:\/\/www.tormiq.com\/es\/","name":"Tormiq Imprenta Barcelona","description":"Tormiq Imprenta - (Sarri\u00e0-St. Gervasi, Barcelona)","publisher":{"@id":"https:\/\/www.tormiq.com\/es\/#organization"},"potentialAction":[{"@type":"SearchAction","target":{"@type":"EntryPoint","urlTemplate":"https:\/\/www.tormiq.com\/es\/?s={search_term_string}"},"query-input":{"@type":"PropertyValueSpecification","valueRequired":true,"valueName":"search_term_string"}}],"inLanguage":"es"},{"@type":"Organization","@id":"https:\/\/www.tormiq.com\/es\/#organization","name":"Tormiq Imprenta","alternateName":"Tormiq Imprenta Barcelona","url":"https:\/\/www.tormiq.com\/es\/","logo":{"@type":"ImageObject","inLanguage":"es","@id":"https:\/\/www.tormiq.com\/es\/#\/schema\/logo\/image\/","url":"https:\/\/www.tormiq.com\/wp-content\/uploads\/2013\/04\/cropped-tormiq_lg2.jpg","contentUrl":"https:\/\/www.tormiq.com\/wp-content\/uploads\/2013\/04\/cropped-tormiq_lg2.jpg","width":512,"height":512,"caption":"Tormiq Imprenta"},"image":{"@id":"https:\/\/www.tormiq.com\/es\/#\/schema\/logo\/image\/"},"sameAs":["https:\/\/www.facebook.com\/tormiq","https:\/\/x.com\/tormiq_imprenta","https:\/\/instagram.com\/tormiq_impremta\/","https:\/\/www.linkedin.com\/company\/tormiq-s-l-impremta","https:\/\/es.pinterest.com\/tormiq\/","https:\/\/www.youtube.com\/@Tormiq","https:\/\/twitter.com\/tormiq_impremta"]}]}},"_links":{"self":[{"href":"https:\/\/www.tormiq.com\/es\/wp-json\/wp\/v2\/pages\/7280","targetHints":{"allow":["GET"]}}],"collection":[{"href":"https:\/\/www.tormiq.com\/es\/wp-json\/wp\/v2\/pages"}],"about":[{"href":"https:\/\/www.tormiq.com\/es\/wp-json\/wp\/v2\/types\/page"}],"author":[{"embeddable":true,"href":"https:\/\/www.tormiq.com\/es\/wp-json\/wp\/v2\/users\/2"}],"replies":[{"embeddable":true,"href":"https:\/\/www.tormiq.com\/es\/wp-json\/wp\/v2\/comments?post=7280"}],"version-history":[{"count":0,"href":"https:\/\/www.tormiq.com\/es\/wp-json\/wp\/v2\/pages\/7280\/revisions"}],"wp:attachment":[{"href":"https:\/\/www.tormiq.com\/es\/wp-json\/wp\/v2\/media?parent=7280"}],"curies":[{"name":"wp","href":"https:\/\/api.w.org\/{rel}","templated":true}]}}